	{"id":126,"date":"2024-11-10T10:51:17","date_gmt":"2024-11-10T09:51:17","guid":{"rendered":"https:\/\/skillens.fr\/?page_id=126"},"modified":"2025-04-19T08:24:18","modified_gmt":"2025-04-19T06:24:18","slug":"innovation-et-excellence-au-coeur-de-nos-solutions","status":"publish","type":"page","link":"https:\/\/skillens.fr\/?page_id=126","title":{"rendered":"Innovation et excellence au c\u0153ur de nos solutions"},"content":{"rendered":"\n<p><strong>Chez Skillens, nous croyons que l&#8217;innovation est la cl\u00e9 de la r\u00e9ussite pour relever les d\u00e9fis de demain.<\/strong> Notre approche repose sur l&#8217;int\u00e9gration de technologies de pointe et de m\u00e9thodes personnalis\u00e9es pour offrir des solutions qui r\u00e9pondent sp\u00e9cifiquement aux besoins de chaque client. De l&#8217;intelligence artificielle, de la formation, en passant par des services d&#8217;ing\u00e9nierie avanc\u00e9s, nous aidons nos clients \u00e0 atteindre leurs objectifs avec une vision moderne et durable.<\/p>\n\n\n\n<h4 class=\"wp-block-heading has-text-align-center\"><strong>Nos Solutions Innovantes<\/strong><\/h4>\n\n\n\n<ul class=\"wp-block-list\">\n<li><strong>Intelligence Artificielle<\/strong> : Nous accompagnons nos clients, entreprises <strong>et \u00e9tablissements publics<\/strong>, dans l\u2019int\u00e9gration de l\u2019IA pour am\u00e9liorer la productivit\u00e9 et encourager la cr\u00e9ativit\u00e9 au sein de leurs \u00e9quipes. En offrant des conseils strat\u00e9giques et un pilotage cr\u00e9atif de l\u2019IA, Skillens permet \u00e0 ces structures de transformer leurs processus internes tout en favorisant l\u2019innovation<\/li>\n\n\n\n<li><strong>Formation<\/strong> : Gr\u00e2ce \u00e0 notre expertise en ing\u00e9nierie p\u00e9dagogique, nous accompagnons les <strong>entreprises et \u00e9tablissements publics<\/strong> dans la mise en place de programmes de formation sur mesure. Qu\u2019il s\u2019agisse de d\u00e9velopper des comp\u00e9tences techniques, manag\u00e9riales ou organisationnelles, Skillens con\u00e7oit des parcours adapt\u00e9s aux besoins sp\u00e9cifiques de chaque structure, favorisant un apprentissage efficace et directement applicable sur le terrain<\/li>\n\n\n\n<li><strong>Ing\u00e9nierie avanc\u00e9e<\/strong> : Notre \u00e9quipe pluridisciplinaire s\u2019immerge imm\u00e9diatement dans l\u2019\u00e9cosyst\u00e8me technico-\u00e9conomique de chaque partenaire, qu\u2019il s\u2019agisse d\u2019une entreprise ou d\u2019un \u00e9tablissement public. Cette approche nous permet de proposer un accompagnement sur mesure, adapt\u00e9 aux enjeux sp\u00e9cifiques de chaque projet. De l\u2019analyse de faisabilit\u00e9 \u00e0 la mod\u00e9lisation et au d\u00e9ploiement de solutions, nous garantissons un haut niveau de pr\u00e9cision et de pertinence pour soutenir l\u2019innovation, la performance et la transformation durable.<\/li>\n<\/ul>\n\n\n<div class=\"wp-block-image\">\n<figure class=\"aligncenter size-full is-resized\"><img loading=\"lazy\" decoding=\"async\" width=\"757\" height=\"361\" src=\"https:\/\/skillens.fr\/wp-content\/uploads\/2024\/11\/IMG1-1.png\" alt=\"\" class=\"wp-image-167\" style=\"width:510px;height:auto\" srcset=\"https:\/\/skillens.fr\/wp-content\/uploads\/2024\/11\/IMG1-1.png 757w, https:\/\/skillens.fr\/wp-content\/uploads\/2024\/11\/IMG1-1-300x143.png 300w\" sizes=\"auto, (max-width: 757px) 100vw, 757px\" \/><\/figure><\/div>\n\n\n<h4 class=\"wp-block-heading has-text-align-center\"><strong>Technologies Utilis\u00e9es<\/strong><\/h4>\n\n\n\n<p>Skillens adopte des technologies avanc\u00e9es pour chacun de ses domaines d\u2019expertise :<\/p>\n\n\n\n<ul class=\"wp-block-list\">\n<li><strong>R\u00e9alit\u00e9 Virtuelle<\/strong> pour des formations immersives,<\/li>\n\n\n\n<li><strong>Intelligence Artificielle<\/strong> pour l\u2019analyse de donn\u00e9es et l\u2019automatisation,<\/li>\n\n\n\n<li><strong>Logiciels de simulation et de calcul technique<\/strong> pour la pr\u00e9cision en ing\u00e9nierie,<\/li>\n\n\n\n<li><strong>Plateformes num\u00e9riques intelligentes<\/strong> : D\u00e9veloppement et d\u00e9ploiement de plateformes int\u00e9gr\u00e9es, aliment\u00e9es par l\u2019intelligence artificielle, pour optimiser les processus m\u00e9tiers, automatiser les t\u00e2ches \u00e0 faible valeur ajout\u00e9e et renforcer la productivit\u00e9 des \u00e9quipes. Ces solutions s\u2019adaptent \u00e0 l\u2019environnement de chaque structure, entreprise ou \u00e9tablissement public, en favorisant une gestion fluide, r\u00e9active et \u00e9volutive.<\/li>\n<\/ul>\n\n\n\n<h4 class=\"wp-block-heading has-text-align-center\"><strong>Les avantages pour nos clients<\/strong><\/h4>\n\n\n\n<ol class=\"wp-block-list\">\n<li><strong>Productivit\u00e9 accrue<\/strong> : Gr\u00e2ce \u00e0 nos plateformes num\u00e9riques int\u00e9gr\u00e9es et aliment\u00e9es par l\u2019IA, nos clients automatisent les t\u00e2ches r\u00e9p\u00e9titives, fluidifient leurs processus internes et gagnent un temps pr\u00e9cieux au quotidien<\/li>\n\n\n\n<li><strong>Formation agile et engageante<\/strong> : Nos solutions de formation innovantes favorisent un apprentissage rapide, contextualis\u00e9 et motivant, permettant aux \u00e9quipes de monter en comp\u00e9tences de mani\u00e8re efficace et adapt\u00e9e aux r\u00e9alit\u00e9s du terrain.<\/li>\n\n\n\n<li><strong>D\u00e9cisions techniques strat\u00e9giques<\/strong> : \u00c0 travers nos analyses de faisabilit\u00e9, mod\u00e9lisations avanc\u00e9es et outils d\u2019aide \u00e0 la d\u00e9cision, nous offrons \u00e0 nos clients une vision claire pour s\u00e9curiser leurs projets et optimiser leurs investissements.<\/li>\n\n\n\n<li><strong>Accompagnement sur mesure<\/strong> : Chaque mission fait l\u2019objet d\u2019une immersion dans l\u2019environnement du client, assurant une r\u00e9ponse parfaitement align\u00e9e \u00e0 ses enjeux, objectifs et contraintes sp\u00e9cifiques.<\/li>\n<\/ol>\n\n\n\n<p>Skillens s\u2019engage \u00e0 proposer des solutions innovantes, combinant intelligence artificielle, plateformes num\u00e9riques int\u00e9gr\u00e9es et ing\u00e9nierie avanc\u00e9e, pour accompagner ses clients dans leur d\u00e9veloppement. Gr\u00e2ce \u00e0 une approche centr\u00e9e sur l\u2019humain, la performance et la technologie, nous construisons des partenariats durables avec les entreprises et \u00e9tablissements publics, leur permettant de relever les d\u00e9fis de demain et de se d\u00e9marquer dans un environnement en constante \u00e9volution.<\/p>\n\n\n\n<p><\/p>\n","protected":false},"excerpt":{"rendered":"<p>Chez Skillens, nous croyons que l&#8217;innovation est la cl\u00e9 de la r\u00e9ussite pour relever les d\u00e9fis de demain. Notre approche repose sur l&#8217;int\u00e9gration de technologies de pointe et de m\u00e9thodes personnalis\u00e9es pour offrir des solutions qui r\u00e9pondent sp\u00e9cifiquement aux besoins de chaque client. De l&#8217;intelligence artificielle, de la formation, en passant par des services d&#8217;ing\u00e9nierie [&hellip;]<\/p>\n","protected":false},"author":1,"featured_media":0,"parent":0,"menu_order":0,"comment_status":"closed","ping_status":"closed","template":"","meta":{"footnotes":""},"class_list":["post-126","page","type-page","status-publish","hentry"],"_links":{"self":[{"href":"https:\/\/skillens.fr\/index.php?rest_route=\/wp\/v2\/pages\/126","targetHints":{"allow":["GET"]}}],"collection":[{"href":"https:\/\/skillens.fr\/index.php?rest_route=\/wp\/v2\/pages"}],"about":[{"href":"https:\/\/skillens.fr\/index.php?rest_route=\/wp\/v2\/types\/page"}],"author":[{"embeddable":true,"href":"https:\/\/skillens.fr\/index.php?rest_route=\/wp\/v2\/users\/1"}],"replies":[{"embeddable":true,"href":"https:\/\/skillens.fr\/index.php?rest_route=%2Fwp%2Fv2%2Fcomments&post=126"}],"version-history":[{"count":6,"href":"https:\/\/skillens.fr\/index.php?rest_route=\/wp\/v2\/pages\/126\/revisions"}],"predecessor-version":[{"id":227,"href":"https:\/\/skillens.fr\/index.php?rest_route=\/wp\/v2\/pages\/126\/revisions\/227"}],"wp:attachment":[{"href":"https:\/\/skillens.fr\/index.php?rest_route=%2Fwp%2Fv2%2Fmedia&parent=126"}],"curies":[{"name":"wp","href":"https:\/\/api.w.org\/{rel}","templated":true}]}}